{"id":347,"date":"2023-11-10T16:25:14","date_gmt":"2023-11-10T15:25:14","guid":{"rendered":"https:\/\/bergeracchatelleraultrungis.fr\/index.php\/page-de-maintenance-2\/"},"modified":"2025-02-07T16:54:00","modified_gmt":"2025-02-07T15:54:00","slug":"page-de-maintenance-2","status":"publish","type":"page","link":"https:\/\/bergeracchatelleraultrungis.fr\/","title":{"rendered":"Page de maintenance"},"content":{"rendered":"\n<div class=\"wp-block-columns is-layout-flex wp-container-core-columns-is-layout-28f84493 wp-block-columns-is-layout-flex\">\n<div class=\"wp-block-column is-layout-flow wp-block-column-is-layout-flow\" style=\"flex-basis:100%\">\n<div id=\"wp-block-themeisle-blocks-advanced-columns-0d617423\" class=\"wp-block-themeisle-blocks-advanced-columns alignfull has-1-columns has-desktop-equal-layout has-tablet-equal-layout has-mobile-equal-layout has-vertical-center has-light-bg\"><div class=\"wp-block-themeisle-blocks-advanced-columns-overlay\"><\/div><div class=\"innerblocks-wrap\">\n<div id=\"wp-block-themeisle-blocks-advanced-column-09847c7b\" class=\"wp-block-themeisle-blocks-advanced-column\">\n<div class=\"wp-block-columns is-layout-flex wp-container-core-columns-is-layout-28f84493 wp-block-columns-is-layout-flex\">\n<div class=\"wp-block-column is-layout-flow wp-block-column-is-layout-flow\" style=\"flex-basis:100%\">\n<figure class=\"wp-block-image aligncenter size-large is-resized\"><img loading=\"lazy\" decoding=\"async\" width=\"1024\" height=\"331\" src=\"https:\/\/bergeracchatelleraultrungis.fr\/wp-content\/uploads\/2023\/11\/Affiche-BCR-003-1-1024x331.jpeg\" alt=\"\" class=\"wp-image-380\" style=\"width:304px;height:auto\" srcset=\"https:\/\/bergeracchatelleraultrungis.fr\/wp-content\/uploads\/2023\/11\/Affiche-BCR-003-1-1024x331.jpeg 1024w, https:\/\/bergeracchatelleraultrungis.fr\/wp-content\/uploads\/2023\/11\/Affiche-BCR-003-1-300x97.jpeg 300w, https:\/\/bergeracchatelleraultrungis.fr\/wp-content\/uploads\/2023\/11\/Affiche-BCR-003-1-768x248.jpeg 768w, https:\/\/bergeracchatelleraultrungis.fr\/wp-content\/uploads\/2023\/11\/Affiche-BCR-003-1.jpeg 1226w\" sizes=\"auto, (max-width: 1024px) 100vw, 1024px\" \/><\/figure>\n<\/div>\n<\/div>\n\n\n\n<div class=\"wp-block-columns is-layout-flex wp-container-core-columns-is-layout-28f84493 wp-block-columns-is-layout-flex\">\n<div class=\"wp-block-column is-layout-flow wp-block-column-is-layout-flow\" style=\"flex-basis:100%\">\n<div class=\"wp-block-cover\"><span aria-hidden=\"true\" class=\"wp-block-cover__background has-background-dim\"><\/span><img loading=\"lazy\" decoding=\"async\" width=\"1684\" height=\"1770\" class=\"wp-block-cover__image-background wp-image-381\" alt=\"\" src=\"https:\/\/bergeracchatelleraultrungis.fr\/wp-content\/uploads\/2023\/11\/Affiche-BCR-002-1.jpeg\" style=\"object-position:44% 9%\" data-object-fit=\"cover\" data-object-position=\"44% 9%\" srcset=\"https:\/\/bergeracchatelleraultrungis.fr\/wp-content\/uploads\/2023\/11\/Affiche-BCR-002-1.jpeg 1684w, https:\/\/bergeracchatelleraultrungis.fr\/wp-content\/uploads\/2023\/11\/Affiche-BCR-002-1-285x300.jpeg 285w, https:\/\/bergeracchatelleraultrungis.fr\/wp-content\/uploads\/2023\/11\/Affiche-BCR-002-1-974x1024.jpeg 974w, https:\/\/bergeracchatelleraultrungis.fr\/wp-content\/uploads\/2023\/11\/Affiche-BCR-002-1-768x807.jpeg 768w, https:\/\/bergeracchatelleraultrungis.fr\/wp-content\/uploads\/2023\/11\/Affiche-BCR-002-1-1461x1536.jpeg 1461w\" sizes=\"auto, (max-width: 1684px) 100vw, 1684px\" \/><div class=\"wp-block-cover__inner-container is-layout-flow wp-block-cover-is-layout-flow\">\n<h2 id=\"wp-block-themeisle-blocks-advanced-heading-3b84a347\" class=\"wp-block-themeisle-blocks-advanced-heading wp-block-themeisle-blocks-advanced-heading-3b84a347 has-light-bg\"><strong><em><mark style=\"background-color:rgba(0, 0, 0, 0)\" class=\"has-inline-color has-primary-color\">Epreuve annul\u00e9e<\/mark><\/em><\/strong><\/h2>\n<\/div><\/div>\n<\/div>\n<\/div>\n<\/div>\n<\/div><\/div>\n<\/div>\n<\/div>\n","protected":false},"excerpt":{"rendered":"","protected":false},"author":1,"featured_media":0,"parent":0,"menu_order":0,"comment_status":"closed","ping_status":"closed","template":"templates\/wpmm-page-template.php","meta":{"_themeisle_gutenberg_block_has_review":false,"footnotes":""},"class_list":["post-347","page","type-page","status-publish","hentry"],"yoast_head":"<!-- This site is optimized with the Yoast SEO plugin v24.4 - https:\/\/yoast.com\/wordpress\/plugins\/seo\/ -->\n<title>Page de maintenance - Bergerac-Ch\u00e2tellerault-Rungis derri\u00e8re dernys<\/title>\n<meta name=\"robots\" content=\"index, follow, max-snippet:-1, max-image-preview:large, max-video-preview:-1\" \/>\n<link rel=\"canonical\" href=\"https:\/\/bergeracchatelleraultrungis.fr\/index.php\/page-de-maintenance-2\/\" \/>\n<meta property=\"og:locale\" content=\"fr_FR\" \/>\n<meta property=\"og:type\" content=\"article\" \/>\n<meta property=\"og:title\" content=\"Page de maintenance - Bergerac-Ch\u00e2tellerault-Rungis derri\u00e8re dernys\" \/>\n<meta property=\"og:url\" content=\"https:\/\/bergeracchatelleraultrungis.fr\/index.php\/page-de-maintenance-2\/\" \/>\n<meta property=\"og:site_name\" content=\"Bergerac-Ch\u00e2tellerault-Rungis derri\u00e8re dernys\" \/>\n<meta property=\"article:modified_time\" content=\"2025-02-07T15:54:00+00:00\" \/>\n<meta property=\"og:image\" content=\"https:\/\/bergeracchatelleraultrungis.fr\/wp-content\/uploads\/2023\/11\/Affiche-BCR-003-1.jpeg\" \/>\n\t<meta property=\"og:image:width\" content=\"1226\" \/>\n\t<meta property=\"og:image:height\" content=\"396\" \/>\n\t<meta property=\"og:image:type\" content=\"image\/jpeg\" \/>\n<meta name=\"twitter:card\" content=\"summary_large_image\" \/>\n<meta name=\"twitter:label1\" content=\"Dur\u00e9e de lecture estim\u00e9e\" \/>\n\t<meta name=\"twitter:data1\" content=\"1 minute\" \/>\n<script type=\"application\/ld+json\" class=\"yoast-schema-graph\">{\"@context\":\"https:\/\/schema.org\",\"@graph\":[{\"@type\":\"WebPage\",\"@id\":\"https:\/\/bergeracchatelleraultrungis.fr\/index.php\/page-de-maintenance-2\/\",\"url\":\"https:\/\/bergeracchatelleraultrungis.fr\/index.php\/page-de-maintenance-2\/\",\"name\":\"Page de maintenance - Bergerac-Ch\u00e2tellerault-Rungis derri\u00e8re dernys\",\"isPartOf\":{\"@id\":\"https:\/\/bergeracchatelleraultrungis.fr\/#website\"},\"primaryImageOfPage\":{\"@id\":\"https:\/\/bergeracchatelleraultrungis.fr\/index.php\/page-de-maintenance-2\/#primaryimage\"},\"image\":{\"@id\":\"https:\/\/bergeracchatelleraultrungis.fr\/index.php\/page-de-maintenance-2\/#primaryimage\"},\"thumbnailUrl\":\"https:\/\/bergeracchatelleraultrungis.fr\/wp-content\/uploads\/2023\/11\/Affiche-BCR-003-1-1024x331.jpeg\",\"datePublished\":\"2023-11-10T15:25:14+00:00\",\"dateModified\":\"2025-02-07T15:54:00+00:00\",\"breadcrumb\":{\"@id\":\"https:\/\/bergeracchatelleraultrungis.fr\/index.php\/page-de-maintenance-2\/#breadcrumb\"},\"inLanguage\":\"fr-FR\",\"potentialAction\":[{\"@type\":\"ReadAction\",\"target\":[\"https:\/\/bergeracchatelleraultrungis.fr\/index.php\/page-de-maintenance-2\/\"]}]},{\"@type\":\"ImageObject\",\"inLanguage\":\"fr-FR\",\"@id\":\"https:\/\/bergeracchatelleraultrungis.fr\/index.php\/page-de-maintenance-2\/#primaryimage\",\"url\":\"https:\/\/bergeracchatelleraultrungis.fr\/wp-content\/uploads\/2023\/11\/Affiche-BCR-003-1.jpeg\",\"contentUrl\":\"https:\/\/bergeracchatelleraultrungis.fr\/wp-content\/uploads\/2023\/11\/Affiche-BCR-003-1.jpeg\",\"width\":1226,\"height\":396},{\"@type\":\"BreadcrumbList\",\"@id\":\"https:\/\/bergeracchatelleraultrungis.fr\/index.php\/page-de-maintenance-2\/#breadcrumb\",\"itemListElement\":[{\"@type\":\"ListItem\",\"position\":1,\"name\":\"Accueil\",\"item\":\"https:\/\/bergeracchatelleraultrungis.fr\/index.php\/page-de-maintenance-2\/\"},{\"@type\":\"ListItem\",\"position\":2,\"name\":\"Page de maintenance\"}]},{\"@type\":\"WebSite\",\"@id\":\"https:\/\/bergeracchatelleraultrungis.fr\/#website\",\"url\":\"https:\/\/bergeracchatelleraultrungis.fr\/\",\"name\":\"Bergerac-Ch\u00e2tellerault-Rungis derri\u00e8re dernys\",\"description\":\"Pour revivre la l\u00e9gendaire course Bordeaux-Paris\",\"publisher\":{\"@id\":\"https:\/\/bergeracchatelleraultrungis.fr\/#organization\"},\"potentialAction\":[{\"@type\":\"SearchAction\",\"target\":{\"@type\":\"EntryPoint\",\"urlTemplate\":\"https:\/\/bergeracchatelleraultrungis.fr\/?s={search_term_string}\"},\"query-input\":{\"@type\":\"PropertyValueSpecification\",\"valueRequired\":true,\"valueName\":\"search_term_string\"}}],\"inLanguage\":\"fr-FR\"},{\"@type\":\"Organization\",\"@id\":\"https:\/\/bergeracchatelleraultrungis.fr\/#organization\",\"name\":\"Bergerac-Ch\u00e2tellerault-Rungis derri\u00e8re dernys\",\"url\":\"https:\/\/bergeracchatelleraultrungis.fr\/\",\"logo\":{\"@type\":\"ImageObject\",\"inLanguage\":\"fr-FR\",\"@id\":\"https:\/\/bergeracchatelleraultrungis.fr\/#\/schema\/logo\/image\/\",\"url\":\"https:\/\/bergeracchatelleraultrungis.fr\/wp-content\/uploads\/2024\/05\/Logo-BCR-4-2024.png\",\"contentUrl\":\"https:\/\/bergeracchatelleraultrungis.fr\/wp-content\/uploads\/2024\/05\/Logo-BCR-4-2024.png\",\"width\":768,\"height\":248,\"caption\":\"Bergerac-Ch\u00e2tellerault-Rungis derri\u00e8re dernys\"},\"image\":{\"@id\":\"https:\/\/bergeracchatelleraultrungis.fr\/#\/schema\/logo\/image\/\"}}]}<\/script>\n<!-- \/ Yoast SEO plugin. -->","yoast_head_json":{"title":"Page de maintenance - Bergerac-Ch\u00e2tellerault-Rungis derri\u00e8re dernys","robots":{"index":"index","follow":"follow","max-snippet":"max-snippet:-1","max-image-preview":"max-image-preview:large","max-video-preview":"max-video-preview:-1"},"canonical":"https:\/\/bergeracchatelleraultrungis.fr\/index.php\/page-de-maintenance-2\/","og_locale":"fr_FR","og_type":"article","og_title":"Page de maintenance - Bergerac-Ch\u00e2tellerault-Rungis derri\u00e8re dernys","og_url":"https:\/\/bergeracchatelleraultrungis.fr\/index.php\/page-de-maintenance-2\/","og_site_name":"Bergerac-Ch\u00e2tellerault-Rungis derri\u00e8re dernys","article_modified_time":"2025-02-07T15:54:00+00:00","og_image":[{"width":1226,"height":396,"url":"https:\/\/bergeracchatelleraultrungis.fr\/wp-content\/uploads\/2023\/11\/Affiche-BCR-003-1.jpeg","type":"image\/jpeg"}],"twitter_card":"summary_large_image","twitter_misc":{"Dur\u00e9e de lecture estim\u00e9e":"1 minute"},"schema":{"@context":"https:\/\/schema.org","@graph":[{"@type":"WebPage","@id":"https:\/\/bergeracchatelleraultrungis.fr\/index.php\/page-de-maintenance-2\/","url":"https:\/\/bergeracchatelleraultrungis.fr\/index.php\/page-de-maintenance-2\/","name":"Page de maintenance - Bergerac-Ch\u00e2tellerault-Rungis derri\u00e8re dernys","isPartOf":{"@id":"https:\/\/bergeracchatelleraultrungis.fr\/#website"},"primaryImageOfPage":{"@id":"https:\/\/bergeracchatelleraultrungis.fr\/index.php\/page-de-maintenance-2\/#primaryimage"},"image":{"@id":"https:\/\/bergeracchatelleraultrungis.fr\/index.php\/page-de-maintenance-2\/#primaryimage"},"thumbnailUrl":"https:\/\/bergeracchatelleraultrungis.fr\/wp-content\/uploads\/2023\/11\/Affiche-BCR-003-1-1024x331.jpeg","datePublished":"2023-11-10T15:25:14+00:00","dateModified":"2025-02-07T15:54:00+00:00","breadcrumb":{"@id":"https:\/\/bergeracchatelleraultrungis.fr\/index.php\/page-de-maintenance-2\/#breadcrumb"},"inLanguage":"fr-FR","potentialAction":[{"@type":"ReadAction","target":["https:\/\/bergeracchatelleraultrungis.fr\/index.php\/page-de-maintenance-2\/"]}]},{"@type":"ImageObject","inLanguage":"fr-FR","@id":"https:\/\/bergeracchatelleraultrungis.fr\/index.php\/page-de-maintenance-2\/#primaryimage","url":"https:\/\/bergeracchatelleraultrungis.fr\/wp-content\/uploads\/2023\/11\/Affiche-BCR-003-1.jpeg","contentUrl":"https:\/\/bergeracchatelleraultrungis.fr\/wp-content\/uploads\/2023\/11\/Affiche-BCR-003-1.jpeg","width":1226,"height":396},{"@type":"BreadcrumbList","@id":"https:\/\/bergeracchatelleraultrungis.fr\/index.php\/page-de-maintenance-2\/#breadcrumb","itemListElement":[{"@type":"ListItem","position":1,"name":"Accueil","item":"https:\/\/bergeracchatelleraultrungis.fr\/index.php\/page-de-maintenance-2\/"},{"@type":"ListItem","position":2,"name":"Page de maintenance"}]},{"@type":"WebSite","@id":"https:\/\/bergeracchatelleraultrungis.fr\/#website","url":"https:\/\/bergeracchatelleraultrungis.fr\/","name":"Bergerac-Ch\u00e2tellerault-Rungis derri\u00e8re dernys","description":"Pour revivre la l\u00e9gendaire course Bordeaux-Paris","publisher":{"@id":"https:\/\/bergeracchatelleraultrungis.fr\/#organization"},"potentialAction":[{"@type":"SearchAction","target":{"@type":"EntryPoint","urlTemplate":"https:\/\/bergeracchatelleraultrungis.fr\/?s={search_term_string}"},"query-input":{"@type":"PropertyValueSpecification","valueRequired":true,"valueName":"search_term_string"}}],"inLanguage":"fr-FR"},{"@type":"Organization","@id":"https:\/\/bergeracchatelleraultrungis.fr\/#organization","name":"Bergerac-Ch\u00e2tellerault-Rungis derri\u00e8re dernys","url":"https:\/\/bergeracchatelleraultrungis.fr\/","logo":{"@type":"ImageObject","inLanguage":"fr-FR","@id":"https:\/\/bergeracchatelleraultrungis.fr\/#\/schema\/logo\/image\/","url":"https:\/\/bergeracchatelleraultrungis.fr\/wp-content\/uploads\/2024\/05\/Logo-BCR-4-2024.png","contentUrl":"https:\/\/bergeracchatelleraultrungis.fr\/wp-content\/uploads\/2024\/05\/Logo-BCR-4-2024.png","width":768,"height":248,"caption":"Bergerac-Ch\u00e2tellerault-Rungis derri\u00e8re dernys"},"image":{"@id":"https:\/\/bergeracchatelleraultrungis.fr\/#\/schema\/logo\/image\/"}}]}},"_links":{"self":[{"href":"https:\/\/bergeracchatelleraultrungis.fr\/index.php\/wp-json\/wp\/v2\/pages\/347","targetHints":{"allow":["GET"]}}],"collection":[{"href":"https:\/\/bergeracchatelleraultrungis.fr\/index.php\/wp-json\/wp\/v2\/pages"}],"about":[{"href":"https:\/\/bergeracchatelleraultrungis.fr\/index.php\/wp-json\/wp\/v2\/types\/page"}],"author":[{"embeddable":true,"href":"https:\/\/bergeracchatelleraultrungis.fr\/index.php\/wp-json\/wp\/v2\/users\/1"}],"replies":[{"embeddable":true,"href":"https:\/\/bergeracchatelleraultrungis.fr\/index.php\/wp-json\/wp\/v2\/comments?post=347"}],"version-history":[{"count":29,"href":"https:\/\/bergeracchatelleraultrungis.fr\/index.php\/wp-json\/wp\/v2\/pages\/347\/revisions"}],"predecessor-version":[{"id":1224,"href":"https:\/\/bergeracchatelleraultrungis.fr\/index.php\/wp-json\/wp\/v2\/pages\/347\/revisions\/1224"}],"wp:attachment":[{"href":"https:\/\/bergeracchatelleraultrungis.fr\/index.php\/wp-json\/wp\/v2\/media?parent=347"}],"curies":[{"name":"wp","href":"https:\/\/api.w.org\/{rel}","templated":true}]}}